{"id":597,"date":"2019-09-15T19:17:17","date_gmt":"2019-09-15T19:17:17","guid":{"rendered":"https:\/\/moonstonesamui.com\/?page_id=597"},"modified":"2019-12-13T03:27:11","modified_gmt":"2019-12-13T03:27:11","slug":"about","status":"publish","type":"page","link":"https:\/\/moonstonesamui.com\/fr\/about\/","title":{"rendered":"\u00c0 propos de nous"},"content":{"rendered":"<div data-elementor-type=\"wp-page\" data-elementor-id=\"597\" class=\"elementor elementor-597\">\n\t\t\t\t\t\t<section class=\"elementor-section elementor-top-section elementor-element elementor-element-9bf7ae8 elementor-section-boxed elementor-section-height-default elementor-section-height-default\" data-id=\"9bf7ae8\" data-element_type=\"section\" data-e-type=\"section\">\n\t\t\t\t\t\t<div class=\"elementor-container elementor-column-gap-default\">\n\t\t\t\t\t<div class=\"elementor-column elementor-col-100 elementor-top-column elementor-element elementor-element-1d11785\" data-id=\"1d11785\" data-element_type=\"column\" data-e-type=\"column\">\n\t\t\t<div class=\"elementor-widget-wrap\">\n\t\t\t\t\t\t\t<\/div>\n\t\t<\/div>\n\t\t\t\t\t<\/div>\n\t\t<\/section>\n\t\t\t\t<section class=\"elementor-section elementor-top-section elementor-element elementor-element-676697a elementor-section-boxed elementor-section-height-default elementor-section-height-default\" data-id=\"676697a\" data-element_type=\"section\" data-e-type=\"section\">\n\t\t\t\t\t\t<div class=\"elementor-container elementor-column-gap-default\">\n\t\t\t\t\t<div class=\"elementor-column elementor-col-100 elementor-top-column elementor-element elementor-element-12725dd\" data-id=\"12725dd\" data-element_type=\"column\" data-e-type=\"column\">\n\t\t\t<div class=\"elementor-widget-wrap elementor-element-populated\">\n\t\t\t\t\t\t<div class=\"elementor-element elementor-element-e4394f8 elementor-widget elementor-widget-spacer\" data-id=\"e4394f8\" data-element_type=\"widget\" data-e-type=\"widget\" data-widget_type=\"spacer.default\">\n\t\t\t\t<div class=\"elementor-widget-container\">\n\t\t\t\t\t\t\t<div class=\"elementor-spacer\">\n\t\t\t<div class=\"elementor-spacer-inner\"><\/div>\n\t\t<\/div>\n\t\t\t\t\t\t<\/div>\n\t\t\t\t<\/div>\n\t\t\t\t<div class=\"elementor-element elementor-element-9b2d678 elementor-widget elementor-widget-heading\" data-id=\"9b2d678\" data-element_type=\"widget\" data-e-type=\"widget\" data-widget_type=\"heading.default\">\n\t\t\t\t<div class=\"elementor-widget-container\">\n\t\t\t\t\t<h2 class=\"elementor-heading-title elementor-size-default\">Une Entreprise Familiale<\/h2>\t\t\t\t<\/div>\n\t\t\t\t<\/div>\n\t\t\t\t\t<\/div>\n\t\t<\/div>\n\t\t\t\t\t<\/div>\n\t\t<\/section>\n\t\t\t\t<section class=\"elementor-section elementor-top-section elementor-element elementor-element-b8bb6f6 elementor-section-boxed elementor-section-height-default elementor-section-height-default\" data-id=\"b8bb6f6\" data-element_type=\"section\" data-e-type=\"section\">\n\t\t\t\t\t\t<div class=\"elementor-container elementor-column-gap-default\">\n\t\t\t\t\t<div class=\"elementor-column elementor-col-100 elementor-top-column elementor-element elementor-element-c59588e\" data-id=\"c59588e\" data-element_type=\"column\" data-e-type=\"column\">\n\t\t\t<div class=\"elementor-widget-wrap elementor-element-populated\">\n\t\t\t\t\t\t<div class=\"elementor-element elementor-element-93ac4b6 elementor-widget elementor-widget-text-editor\" data-id=\"93ac4b6\" data-element_type=\"widget\" data-e-type=\"widget\" data-widget_type=\"text-editor.default\">\n\t\t\t\t<div class=\"elementor-widget-container\">\n\t\t\t\t\t\t\t\t\t<p style=\"text-align: justify;\">Moonstone est une entreprise familiale. Nos racines viennent du Canada et de la Cor\u00e9e du Sud, mais voyager est notre passion. Lors de notre premi\u00e8re visite \u00e0 Koh Samui il y a 25 ans, nous sommes tomb\u00e9s amoureux. Samui est un endroit pas comme les autres. C\u2019est une \u00eele qui voit un changement constant, mais une chose reste toujours la m\u00eame: les personnes. Samui a un m\u00e9lange unique de locaux chaleureux et de voyageurs internationaux aimants qui cr\u00e9ent un environnement insulaire tropical qui est vraiment unique en son genre. Notre personnel est le battement de c\u0153ur de la famille Moonstone, et est un exemple brillant de tout ce qui rend Samui g\u00e9nial.<\/p><p style=\"text-align: justify;\">Apr\u00e8s avoir visit\u00e9 Samui chaque ann\u00e9e pendant des d\u00e9cennies, nous avons finalement d\u00e9cid\u00e9 de vivre notre r\u00eave et de construire une maison. Moonstone a \u00e9t\u00e9 construit dans un seul but, pour cr\u00e9er l'exp\u00e9rience ultime de villa priv\u00e9e en Tha\u00eflande. Lorsque vous traitez avec nous, sachez que vous parlez avec de vraies personnes qui aiment voyager et profiter de vacances incroyables comme vous. Nous sommes l\u00e0 pour vous aider \u00e0 garantir que vos vacances soient parfaites \u00e0 tous points de vue. Peu importe ce que vous cherchez \u00e0 faire pendant votre s\u00e9jour \u00e0 Samui, profitez de nos 25 ans de connaissances locales et nous nous assurerons que vous ne profitez que du meilleur des meilleurs. \u00a0<\/p><p style=\"text-align: justify;\">Moonstone n'est pas seulement une villa, c'est une exp\u00e9rience que nous aimons partager avec des gens du monde entier. Nous sommes ravis de vous accueillir bient\u00f4t!<\/p>\t\t\t\t\t\t\t\t<\/div>\n\t\t\t\t<\/div>\n\t\t\t\t\t<\/div>\n\t\t<\/div>\n\t\t\t\t\t<\/div>\n\t\t<\/section>\n\t\t\t\t<section class=\"elementor-section elementor-top-section elementor-element elementor-element-3deef1f elementor-section-boxed elementor-section-height-default elementor-section-height-default\" data-id=\"3deef1f\" data-element_type=\"section\" data-e-type=\"section\">\n\t\t\t\t\t\t<div class=\"elementor-container elementor-column-gap-default\">\n\t\t\t\t\t<div class=\"elementor-column elementor-col-100 elementor-top-column elementor-element elementor-element-2e52609\" data-id=\"2e52609\" data-element_type=\"column\" data-e-type=\"column\">\n\t\t\t<div class=\"elementor-widget-wrap elementor-element-populated\">\n\t\t\t\t\t\t<div class=\"elementor-element elementor-element-91c9d89 elementor-button-warning elementor-align-center elementor-widget elementor-widget-button\" data-id=\"91c9d89\" data-element_type=\"widget\" data-e-type=\"widget\" data-widget_type=\"button.default\">\n\t\t\t\t<div class=\"elementor-widget-container\">\n\t\t\t\t\t\t\t\t\t<div class=\"elementor-button-wrapper\">\n\t\t\t\t\t<a class=\"elementor-button elementor-button-link elementor-size-md\" href=\"https:\/\/moonstonesamui.com\/fr\/book-now\/\">\n\t\t\t\t\t\t<span class=\"elementor-button-content-wrapper\">\n\t\t\t\t\t\t\t\t\t<span class=\"elementor-button-text\">R\u00e9server<\/span>\n\t\t\t\t\t<\/span>\n\t\t\t\t\t<\/a>\n\t\t\t\t<\/div>\n\t\t\t\t\t\t\t\t<\/div>\n\t\t\t\t<\/div>\n\t\t\t\t\t<\/div>\n\t\t<\/div>\n\t\t\t\t\t<\/div>\n\t\t<\/section>\n\t\t\t\t<section class=\"elementor-section elementor-top-section elementor-element elementor-element-5fda6c2 elementor-section-boxed elementor-section-height-default elementor-section-height-default\" data-id=\"5fda6c2\" data-element_type=\"section\" data-e-type=\"section\">\n\t\t\t\t\t\t<div class=\"elementor-container elementor-column-gap-default\">\n\t\t\t\t\t<div class=\"elementor-column elementor-col-100 elementor-top-column elementor-element elementor-element-5e21ca7\" data-id=\"5e21ca7\" data-element_type=\"column\" data-e-type=\"column\">\n\t\t\t<div class=\"elementor-widget-wrap elementor-element-populated\">\n\t\t\t\t\t\t<div class=\"elementor-element elementor-element-d4ebad2 elementor-widget elementor-widget-spacer\" data-id=\"d4ebad2\" data-element_type=\"widget\" data-e-type=\"widget\" data-widget_type=\"spacer.default\">\n\t\t\t\t<div class=\"elementor-widget-container\">\n\t\t\t\t\t\t\t<div class=\"elementor-spacer\">\n\t\t\t<div class=\"elementor-spacer-inner\"><\/div>\n\t\t<\/div>\n\t\t\t\t\t\t<\/div>\n\t\t\t\t<\/div>\n\t\t\t\t\t<\/div>\n\t\t<\/div>\n\t\t\t\t\t<\/div>\n\t\t<\/section>\n\t\t\t\t<\/div>","protected":false},"excerpt":{"rendered":"<p>A Family Business Moonstone is a family business. Our roots come from Canada and South Korea but travelling is our passion. Upon first visiting Koh Samui 25 years ago we fell in love. Samui is a place like no other. It&#8217;s an Island that sees constant change, but one thing always stays the same. The &hellip; <a href=\"https:\/\/moonstonesamui.com\/fr\/about\/\" class=\"more-link\">Continue reading<span class=\"screen-reader-text\"> &#8220;About&#8221;<\/span><\/a><\/p>","protected":false},"author":170972359,"featured_media":0,"parent":0,"menu_order":0,"comment_status":"closed","ping_status":"closed","template":"elementor_header_footer","meta":{"_coblocks_attr":"","_coblocks_dimensions":"","_coblocks_responsive_height":"","_coblocks_accordion_ie_support":"","inline_featured_image":false,"advanced_seo_description":"","jetpack_seo_html_title":"","jetpack_seo_noindex":false,"footnotes":""},"class_list":["post-597","page","type-page","status-publish","hentry"],"jetpack_shortlink":"https:\/\/wp.me\/PbhyLQ-9D","jetpack_sharing_enabled":true,"_links":{"self":[{"href":"https:\/\/moonstonesamui.com\/fr\/wp-json\/wp\/v2\/pages\/597","targetHints":{"allow":["GET"]}}],"collection":[{"href":"https:\/\/moonstonesamui.com\/fr\/wp-json\/wp\/v2\/pages"}],"about":[{"href":"https:\/\/moonstonesamui.com\/fr\/wp-json\/wp\/v2\/types\/page"}],"author":[{"embeddable":true,"href":"https:\/\/moonstonesamui.com\/fr\/wp-json\/wp\/v2\/users\/170972359"}],"replies":[{"embeddable":true,"href":"https:\/\/moonstonesamui.com\/fr\/wp-json\/wp\/v2\/comments?post=597"}],"version-history":[{"count":41,"href":"https:\/\/moonstonesamui.com\/fr\/wp-json\/wp\/v2\/pages\/597\/revisions"}],"predecessor-version":[{"id":3014,"href":"https:\/\/moonstonesamui.com\/fr\/wp-json\/wp\/v2\/pages\/597\/revisions\/3014"}],"wp:attachment":[{"href":"https:\/\/moonstonesamui.com\/fr\/wp-json\/wp\/v2\/media?parent=597"}],"curies":[{"name":"wp","href":"https:\/\/api.w.org\/{rel}","templated":true}]}}